{"id":68,"date":"2022-02-09T16:54:04","date_gmt":"2022-02-09T16:54:04","guid":{"rendered":"https:\/\/lezabogados.com.co\/?page_id=68"},"modified":"2023-05-31T22:32:05","modified_gmt":"2023-05-31T22:32:05","slug":"home","status":"publish","type":"page","link":"https:\/\/lezabogados.com.co\/?page_id=68","title":{"rendered":"NUESTRA FIRMA"},"content":{"rendered":"\t\t<div data-elementor-type=\"wp-page\" data-elementor-id=\"68\" class=\"elementor elementor-68\">\n\t\t\t\t\t\t<section class=\"elementor-section elementor-top-section elementor-element elementor-element-4fb012b elementor-section-boxed elementor-section-height-default elementor-section-height-default\" data-id=\"4fb012b\" data-element_type=\"section\">\n\t\t\t\t\t\t<div class=\"elementor-container elementor-column-gap-default\">\n\t\t\t\t\t<div class=\"elementor-column elementor-col-50 elementor-top-column elementor-element elementor-element-fdfd0ac\" data-id=\"fdfd0ac\" data-element_type=\"column\">\n\t\t\t<div class=\"elementor-widget-wrap elementor-element-populated\">\n\t\t\t\t\t\t<div class=\"elementor-element elementor-element-8a469b6 elementor-drop-cap-yes elementor-drop-cap-view-default elementor-widget elementor-widget-text-editor\" data-id=\"8a469b6\" data-element_type=\"widget\" data-settings=\"{&quot;drop_cap&quot;:&quot;yes&quot;}\" data-widget_type=\"text-editor.default\">\n\t\t\t\t<div class=\"elementor-widget-container\">\n\t\t\t<style>\/*! elementor - v3.21.0 - 08-05-2024 *\/\n.elementor-widget-text-editor.elementor-drop-cap-view-stacked .elementor-drop-cap{background-color:#69727d;color:#fff}.elementor-widget-text-editor.elementor-drop-cap-view-framed .elementor-drop-cap{color:#69727d;border:3px solid;background-color:transparent}.elementor-widget-text-editor:not(.elementor-drop-cap-view-default) .elementor-drop-cap{margin-top:8px}.elementor-widget-text-editor:not(.elementor-drop-cap-view-default) .elementor-drop-cap-letter{width:1em;height:1em}.elementor-widget-text-editor .elementor-drop-cap{float:left;text-align:center;line-height:1;font-size:50px}.elementor-widget-text-editor .elementor-drop-cap-letter{display:inline-block}<\/style>\t\t\t\t<p><span style=\"vertical-align: inherit;\"><span style=\"vertical-align: inherit;\"><span style=\"vertical-align: inherit;\">\u00a0<\/span><\/span><\/span><\/p><p><span style=\"vertical-align: inherit;\"><span style=\"vertical-align: inherit;\"><span style=\"vertical-align: inherit;\">LEZA <\/span><\/span><\/span><span style=\"color: var( --e-global-color-text ); font-family: var( --e-global-typography-text-font-family ), Sans-serif; font-weight: var( --e-global-typography-text-font-weight );\"><span style=\"vertical-align: inherit;\"><span style=\"vertical-align: inherit;\">ABOGADOS DIGITAL, se fund\u00f3 en el a\u00f1o 2015 como una firma especializada en derecho societario y litigioso, nuestra firma, cuenta con un equipo profesional de abogados con amplia experiencia y trayectoria, quienes en aras de salvar los intereses y prerrogativas de sus clientes,\u00a0 <\/span><\/span><\/span><span style=\"font-family: var( --e-global-typography-text-font-family ), Sans-serif; font-weight: var( --e-global-typography-text-font-weight );\"><span style=\"vertical-align: inherit;\"><span style=\"vertical-align: inherit;\">elaboraron estrategias procesales que incluyen el acompa\u00f1amiento previo a un litigio con el objetivo de prestar un servicio integral.\u00a0<\/span><\/span><\/span><\/p><div class=\"h-column h-column-container d-flex h-col-lg-auto h-col-md-auto h-col-auto style-450-outer style-local-68-c4-outer\"><div class=\"d-flex h-flex-basis h-column__inner h-px-lg-2 h-px-md-2 h-px-2 v-inner-lg-2 v-inner-md-2 v-inner-2 style-450 style-local-68-c4 position-relative\" data-colibri-id=\"68-c4\"><div class=\"w-100 h-y-container h-column__content h-column__v-align flex-basis-100 align-self-lg-start align-self-md-start align-self-start\"><div class=\"h-text h-text-component style-493 style-local-68-c6 position-relative h-element\" data-colibri-id=\"68-c6\"><div class=\"\"><p><span style=\"vertical-align: inherit;\"><span style=\"vertical-align: inherit;\"><span style=\"vertical-align: inherit;\">Brindar servicios legales de alta calidad y competitivos en todos los campos, logrando la satisfacci\u00f3n total del cliente mientras hacemos todo lo posible por la resoluci\u00f3n de conflictos jur\u00eddicos y legales en la sociedad, sumados a la interacci\u00f3n digital de nuestros servicios alrededor del mundo.<\/span><\/span><\/span><\/p><p><span style=\"vertical-align: inherit;\">\u00a0<\/span><\/p><\/div><\/div><div class=\"h-text h-text-component style-482 style-local-68-c7 position-relative h-element\" data-colibri-id=\"68-c7\"><div class=\"\"><p><span style=\"vertical-align: inherit;\"><span style=\"vertical-align: inherit;\"><span style=\"vertical-align: inherit;\">Estaremos a la vanguardia jur\u00eddica &#8211; digital implementando un desarrollo de nuestro entorno evolutivo y superando adversidades, prestando servicios de asesoramiento jur\u00eddico, que aporten una especializaci\u00f3n, calidad, conectividad y <\/span><\/span><\/span><br \/><span style=\"vertical-align: inherit;\"><span style=\"vertical-align: inherit;\"><span style=\"vertical-align: inherit;\">confianza que supongan un verdadero est\u00edmulo al crecimiento y desarrollo a la sociedad.\u00a0<\/span><\/span><\/span><\/p><\/div><\/div><\/div><\/div><\/div>\t\t\t\t\t\t<\/div>\n\t\t\t\t<\/div>\n\t\t\t\t\t<\/div>\n\t\t<\/div>\n\t\t\t\t<div class=\"elementor-column elementor-col-50 elementor-top-column elementor-element elementor-element-7d94628\" data-id=\"7d94628\" data-element_type=\"column\">\n\t\t\t<div class=\"elementor-widget-wrap elementor-element-populated\">\n\t\t\t\t\t\t<div class=\"elementor-element elementor-element-147fa36 elementor-widget elementor-widget-image\" data-id=\"147fa36\" data-element_type=\"widget\" data-widget_type=\"image.default\">\n\t\t\t\t<div class=\"elementor-widget-container\">\n\t\t\t<style>\/*! elementor - v3.21.0 - 08-05-2024 *\/\n.elementor-widget-image{text-align:center}.elementor-widget-image a{display:inline-block}.elementor-widget-image a img[src$=\".svg\"]{width:48px}.elementor-widget-image img{vertical-align:middle;display:inline-block}<\/style>\t\t\t\t\t\t\t\t\t\t<img fetchpriority=\"high\" decoding=\"async\" width=\"768\" height=\"1024\" src=\"https:\/\/lezabogados.com.co\/wp-content\/uploads\/2023\/05\/aaaaaa-768x1024.png\" class=\"attachment-large size-large wp-image-2165\" alt=\"\" srcset=\"https:\/\/lezabogados.com.co\/wp-content\/uploads\/2023\/05\/aaaaaa-768x1024.png 768w, https:\/\/lezabogados.com.co\/wp-content\/uploads\/2023\/05\/aaaaaa-225x300.png 225w, https:\/\/lezabogados.com.co\/wp-content\/uploads\/2023\/05\/aaaaaa-600x800.png 600w, https:\/\/lezabogados.com.co\/wp-content\/uploads\/2023\/05\/aaaaaa.png 770w\" sizes=\"(max-width: 768px) 100vw, 768px\" \/>\t\t\t\t\t\t\t\t\t\t\t\t\t<\/div>\n\t\t\t\t<\/div>\n\t\t\t\t\t<\/div>\n\t\t<\/div>\n\t\t\t\t\t<\/div>\n\t\t<\/section>\n\t\t\t\t<\/div>\n\t\t","protected":false},"excerpt":{"rendered":"<p>\u00a0 LEZA ABOGADOS DIGITAL, se fund\u00f3 en el a\u00f1o 2015 como una firma especializada en derecho societario y litigioso, nuestra firma, cuenta con un equipo profesional de abogados con amplia experiencia y trayectoria, quienes en aras de salvar los intereses y prerrogativas de sus clientes,\u00a0 elaboraron estrategias procesales que incluyen el acompa\u00f1amiento previo a un&hellip; <br \/> <a class=\"read-more\" href=\"https:\/\/lezabogados.com.co\/?page_id=68\">Read more<\/a><\/p>\n","protected":false},"author":1,"featured_media":0,"parent":0,"menu_order":0,"comment_status":"closed","ping_status":"closed","template":"","meta":{"om_disable_all_campaigns":false,"_monsterinsights_skip_tracking":false,"_monsterinsights_sitenote_active":false,"_monsterinsights_sitenote_note":"","_monsterinsights_sitenote_category":0,"footnotes":""},"class_list":["post-68","page","type-page","status-publish","hentry"],"aioseo_notices":[],"yoast_head":"<!-- This site is optimized with the Yoast SEO plugin v20.8 - https:\/\/yoast.com\/wordpress\/plugins\/seo\/ -->\n<title>NUESTRA FIRMA -<\/title>\n<meta name=\"robots\" content=\"index, follow, max-snippet:-1, max-image-preview:large, max-video-preview:-1\" \/>\n<link rel=\"canonical\" href=\"https:\/\/lezabogados.com.co\/?page_id=68\" \/>\n<meta property=\"og:locale\" content=\"en_US\" \/>\n<meta property=\"og:type\" content=\"article\" \/>\n<meta property=\"og:title\" content=\"NUESTRA FIRMA -\" \/>\n<meta property=\"og:description\" content=\"\u00a0 LEZA ABOGADOS DIGITAL, se fund\u00f3 en el a\u00f1o 2015 como una firma especializada en derecho societario y litigioso, nuestra firma, cuenta con un equipo profesional de abogados con amplia experiencia y trayectoria, quienes en aras de salvar los intereses y prerrogativas de sus clientes,\u00a0 elaboraron estrategias procesales que incluyen el acompa\u00f1amiento previo a un&hellip; Read more\" \/>\n<meta property=\"og:url\" content=\"https:\/\/lezabogados.com.co\/?page_id=68\" \/>\n<meta property=\"article:modified_time\" content=\"2023-05-31T22:32:05+00:00\" \/>\n<meta property=\"og:image\" content=\"http:\/\/lezabogados.com.co\/wp-content\/uploads\/2023\/05\/aaaaaa-768x1024.png\" \/>\n<meta name=\"twitter:card\" content=\"summary_large_image\" \/>\n<meta name=\"twitter:label1\" content=\"Est. reading time\" \/>\n\t<meta name=\"twitter:data1\" content=\"1 minute\" \/>\n<script type=\"application\/ld+json\" class=\"yoast-schema-graph\">{\"@context\":\"https:\/\/schema.org\",\"@graph\":[{\"@type\":\"WebPage\",\"@id\":\"https:\/\/lezabogados.com.co\/?page_id=68\",\"url\":\"https:\/\/lezabogados.com.co\/?page_id=68\",\"name\":\"NUESTRA FIRMA -\",\"isPartOf\":{\"@id\":\"https:\/\/lezabogados.com.co\/#website\"},\"datePublished\":\"2022-02-09T16:54:04+00:00\",\"dateModified\":\"2023-05-31T22:32:05+00:00\",\"inLanguage\":\"en-US\",\"potentialAction\":[{\"@type\":\"ReadAction\",\"target\":[\"https:\/\/lezabogados.com.co\/?page_id=68\"]}]},{\"@type\":\"WebSite\",\"@id\":\"https:\/\/lezabogados.com.co\/#website\",\"url\":\"https:\/\/lezabogados.com.co\/\",\"name\":\"\",\"description\":\"\",\"potentialAction\":[{\"@type\":\"SearchAction\",\"target\":{\"@type\":\"EntryPoint\",\"urlTemplate\":\"https:\/\/lezabogados.com.co\/?s={search_term_string}\"},\"query-input\":\"required name=search_term_string\"}],\"inLanguage\":\"en-US\"}]}<\/script>\n<!-- \/ Yoast SEO plugin. -->","yoast_head_json":{"title":"NUESTRA FIRMA -","robots":{"index":"index","follow":"follow","max-snippet":"max-snippet:-1","max-image-preview":"max-image-preview:large","max-video-preview":"max-video-preview:-1"},"canonical":"https:\/\/lezabogados.com.co\/?page_id=68","og_locale":"en_US","og_type":"article","og_title":"NUESTRA FIRMA -","og_description":"\u00a0 LEZA ABOGADOS DIGITAL, se fund\u00f3 en el a\u00f1o 2015 como una firma especializada en derecho societario y litigioso, nuestra firma, cuenta con un equipo profesional de abogados con amplia experiencia y trayectoria, quienes en aras de salvar los intereses y prerrogativas de sus clientes,\u00a0 elaboraron estrategias procesales que incluyen el acompa\u00f1amiento previo a un&hellip; Read more","og_url":"https:\/\/lezabogados.com.co\/?page_id=68","article_modified_time":"2023-05-31T22:32:05+00:00","og_image":[{"url":"http:\/\/lezabogados.com.co\/wp-content\/uploads\/2023\/05\/aaaaaa-768x1024.png"}],"twitter_card":"summary_large_image","twitter_misc":{"Est. reading time":"1 minute"},"schema":{"@context":"https:\/\/schema.org","@graph":[{"@type":"WebPage","@id":"https:\/\/lezabogados.com.co\/?page_id=68","url":"https:\/\/lezabogados.com.co\/?page_id=68","name":"NUESTRA FIRMA -","isPartOf":{"@id":"https:\/\/lezabogados.com.co\/#website"},"datePublished":"2022-02-09T16:54:04+00:00","dateModified":"2023-05-31T22:32:05+00:00","inLanguage":"en-US","potentialAction":[{"@type":"ReadAction","target":["https:\/\/lezabogados.com.co\/?page_id=68"]}]},{"@type":"WebSite","@id":"https:\/\/lezabogados.com.co\/#website","url":"https:\/\/lezabogados.com.co\/","name":"","description":"","potentialAction":[{"@type":"SearchAction","target":{"@type":"EntryPoint","urlTemplate":"https:\/\/lezabogados.com.co\/?s={search_term_string}"},"query-input":"required name=search_term_string"}],"inLanguage":"en-US"}]}},"_hostinger_reach_plugin_has_subscription_block":false,"_hostinger_reach_plugin_is_elementor":false,"_links":{"self":[{"href":"https:\/\/lezabogados.com.co\/index.php?rest_route=\/wp\/v2\/pages\/68","targetHints":{"allow":["GET"]}}],"collection":[{"href":"https:\/\/lezabogados.com.co\/index.php?rest_route=\/wp\/v2\/pages"}],"about":[{"href":"https:\/\/lezabogados.com.co\/index.php?rest_route=\/wp\/v2\/types\/page"}],"author":[{"embeddable":true,"href":"https:\/\/lezabogados.com.co\/index.php?rest_route=\/wp\/v2\/users\/1"}],"replies":[{"embeddable":true,"href":"https:\/\/lezabogados.com.co\/index.php?rest_route=%2Fwp%2Fv2%2Fcomments&post=68"}],"version-history":[{"count":29,"href":"https:\/\/lezabogados.com.co\/index.php?rest_route=\/wp\/v2\/pages\/68\/revisions"}],"predecessor-version":[{"id":2174,"href":"https:\/\/lezabogados.com.co\/index.php?rest_route=\/wp\/v2\/pages\/68\/revisions\/2174"}],"wp:attachment":[{"href":"https:\/\/lezabogados.com.co\/index.php?rest_route=%2Fwp%2Fv2%2Fmedia&parent=68"}],"curies":[{"name":"wp","href":"https:\/\/api.w.org\/{rel}","templated":true}]}}