{"id":1386,"date":"2023-01-21T22:15:30","date_gmt":"2023-01-21T22:15:30","guid":{"rendered":"https:\/\/lezabogados.com.co\/?page_id=1386"},"modified":"2023-06-04T15:18:59","modified_gmt":"2023-06-04T15:18:59","slug":"competencia-y-consumo","status":"publish","type":"page","link":"https:\/\/lezabogados.com.co\/?page_id=1386","title":{"rendered":"COMPETENCIA Y CONSUMO"},"content":{"rendered":"\t\t<div data-elementor-type=\"wp-page\" data-elementor-id=\"1386\" class=\"elementor elementor-1386\">\n\t\t\t\t\t\t<section class=\"elementor-section elementor-top-section elementor-element elementor-element-0868221 elementor-section-boxed elementor-section-height-default elementor-section-height-default\" data-id=\"0868221\" data-element_type=\"section\">\n\t\t\t\t\t\t<div class=\"elementor-container elementor-column-gap-default\">\n\t\t\t\t\t<div class=\"elementor-column elementor-col-100 elementor-top-column elementor-element elementor-element-0858567\" data-id=\"0858567\" data-element_type=\"column\">\n\t\t\t<div class=\"elementor-widget-wrap elementor-element-populated\">\n\t\t\t\t\t\t<div class=\"elementor-element elementor-element-9dc9563 elementor-widget elementor-widget-heading\" data-id=\"9dc9563\" data-element_type=\"widget\" data-widget_type=\"heading.default\">\n\t\t\t\t<div class=\"elementor-widget-container\">\n\t\t\t<style>\/*! elementor - v3.21.0 - 08-05-2024 *\/\n.elementor-heading-title{padding:0;margin:0;line-height:1}.elementor-widget-heading .elementor-heading-title[class*=elementor-size-]>a{color:inherit;font-size:inherit;line-height:inherit}.elementor-widget-heading .elementor-heading-title.elementor-size-small{font-size:15px}.elementor-widget-heading .elementor-heading-title.elementor-size-medium{font-size:19px}.elementor-widget-heading .elementor-heading-title.elementor-size-large{font-size:29px}.elementor-widget-heading .elementor-heading-title.elementor-size-xl{font-size:39px}.elementor-widget-heading .elementor-heading-title.elementor-size-xxl{font-size:59px}<\/style><h2 class=\"elementor-heading-title elementor-size-default\">COMPETENCIA Y CONSUMO<\/h2>\t\t<\/div>\n\t\t\t\t<\/div>\n\t\t\t\t\t<\/div>\n\t\t<\/div>\n\t\t\t\t\t<\/div>\n\t\t<\/section>\n\t\t\t\t<section class=\"elementor-section elementor-top-section elementor-element elementor-element-dd2e2a6 elementor-section-boxed elementor-section-height-default elementor-section-height-default\" data-id=\"dd2e2a6\" data-element_type=\"section\">\n\t\t\t\t\t\t<div class=\"elementor-container elementor-column-gap-default\">\n\t\t\t\t\t<div class=\"elementor-column elementor-col-100 elementor-top-column elementor-element elementor-element-dc85b2b\" data-id=\"dc85b2b\" data-element_type=\"column\">\n\t\t\t<div class=\"elementor-widget-wrap elementor-element-populated\">\n\t\t\t\t\t\t<div class=\"elementor-element elementor-element-a98c79a elementor-widget elementor-widget-image\" data-id=\"a98c79a\" data-element_type=\"widget\" data-widget_type=\"image.default\">\n\t\t\t\t<div class=\"elementor-widget-container\">\n\t\t\t<style>\/*! elementor - v3.21.0 - 08-05-2024 *\/\n.elementor-widget-image{text-align:center}.elementor-widget-image a{display:inline-block}.elementor-widget-image a img[src$=\".svg\"]{width:48px}.elementor-widget-image img{vertical-align:middle;display:inline-block}<\/style>\t\t\t\t\t\t\t\t\t\t<img fetchpriority=\"high\" decoding=\"async\" width=\"1920\" height=\"882\" src=\"https:\/\/lezabogados.com.co\/wp-content\/uploads\/2023\/06\/Imagen3-1920x882.png\" class=\"attachment-mesmerize-full-hd size-mesmerize-full-hd wp-image-2430\" alt=\"\" srcset=\"https:\/\/lezabogados.com.co\/wp-content\/uploads\/2023\/06\/Imagen3-1920x882.png 1920w, https:\/\/lezabogados.com.co\/wp-content\/uploads\/2023\/06\/Imagen3-300x138.png 300w, https:\/\/lezabogados.com.co\/wp-content\/uploads\/2023\/06\/Imagen3-1024x470.png 1024w, https:\/\/lezabogados.com.co\/wp-content\/uploads\/2023\/06\/Imagen3-768x353.png 768w, https:\/\/lezabogados.com.co\/wp-content\/uploads\/2023\/06\/Imagen3-1536x706.png 1536w, https:\/\/lezabogados.com.co\/wp-content\/uploads\/2023\/06\/Imagen3-2048x941.png 2048w, https:\/\/lezabogados.com.co\/wp-content\/uploads\/2023\/06\/Imagen3-600x276.png 600w\" sizes=\"(max-width: 1920px) 100vw, 1920px\" \/>\t\t\t\t\t\t\t\t\t\t\t\t\t<\/div>\n\t\t\t\t<\/div>\n\t\t\t\t\t<\/div>\n\t\t<\/div>\n\t\t\t\t\t<\/div>\n\t\t<\/section>\n\t\t\t\t<section class=\"elementor-section elementor-top-section elementor-element elementor-element-a063e10 elementor-section-boxed elementor-section-height-default elementor-section-height-default\" data-id=\"a063e10\" data-element_type=\"section\">\n\t\t\t\t\t\t<div class=\"elementor-container elementor-column-gap-default\">\n\t\t\t\t\t<div class=\"elementor-column elementor-col-100 elementor-top-column elementor-element elementor-element-9ef7673\" data-id=\"9ef7673\" data-element_type=\"column\">\n\t\t\t<div class=\"elementor-widget-wrap elementor-element-populated\">\n\t\t\t\t\t\t<div class=\"elementor-element elementor-element-ca3e356 elementor-widget elementor-widget-heading\" data-id=\"ca3e356\" data-element_type=\"widget\" data-widget_type=\"heading.default\">\n\t\t\t\t<div class=\"elementor-widget-container\">\n\t\t\t<h2 class=\"elementor-heading-title elementor-size-default\">Nuestra firma asesora a sus clientes en Competencia y Consumo<\/h2>\t\t<\/div>\n\t\t\t\t<\/div>\n\t\t\t\t\t<\/div>\n\t\t<\/div>\n\t\t\t\t\t<\/div>\n\t\t<\/section>\n\t\t\t\t<section class=\"elementor-section elementor-top-section elementor-element elementor-element-fb5445d elementor-section-boxed elementor-section-height-default elementor-section-height-default\" data-id=\"fb5445d\" data-element_type=\"section\">\n\t\t\t\t\t\t<div class=\"elementor-container elementor-column-gap-default\">\n\t\t\t\t\t<div class=\"elementor-column elementor-col-100 elementor-top-column elementor-element elementor-element-feff5f3\" data-id=\"feff5f3\" data-element_type=\"column\">\n\t\t\t<div class=\"elementor-widget-wrap elementor-element-populated\">\n\t\t\t\t\t\t<div class=\"elementor-element elementor-element-16c21a0 elementor-widget elementor-widget-text-editor\" data-id=\"16c21a0\" data-element_type=\"widget\" data-widget_type=\"text-editor.default\">\n\t\t\t\t<div class=\"elementor-widget-container\">\n\t\t\t<style>\/*! elementor - v3.21.0 - 08-05-2024 *\/\n.elementor-widget-text-editor.elementor-drop-cap-view-stacked .elementor-drop-cap{background-color:#69727d;color:#fff}.elementor-widget-text-editor.elementor-drop-cap-view-framed .elementor-drop-cap{color:#69727d;border:3px solid;background-color:transparent}.elementor-widget-text-editor:not(.elementor-drop-cap-view-default) .elementor-drop-cap{margin-top:8px}.elementor-widget-text-editor:not(.elementor-drop-cap-view-default) .elementor-drop-cap-letter{width:1em;height:1em}.elementor-widget-text-editor .elementor-drop-cap{float:left;text-align:center;line-height:1;font-size:50px}.elementor-widget-text-editor .elementor-drop-cap-letter{display:inline-block}<\/style>\t\t\t\t<div data-colibri-id=\"1386-c3\"><div><div><div data-colibri-id=\"1386-c4\"><div><div data-colibri-id=\"1386-c5\"><div>\u00a0<\/div><\/div><\/div><\/div><\/div><\/div><\/div><div data-colibri-id=\"1386-c6\"><div><div><div data-colibri-id=\"1386-c7\"><div><div data-colibri-id=\"1386-c8\"><ul><li><p><span style=\"vertical-align: inherit;\"><span style=\"vertical-align: inherit;\"><span style=\"vertical-align: inherit;\"><span style=\"vertical-align: inherit;\"><span style=\"vertical-align: inherit;\"><span style=\"vertical-align: inherit;\"><span style=\"vertical-align: inherit;\">Competencia de Venta<\/span><\/span><\/span><\/span><\/span><\/span><\/span><\/p><\/li><li><div><p><span style=\"vertical-align: inherit;\"><span style=\"vertical-align: inherit;\"><span style=\"vertical-align: inherit;\"><span style=\"vertical-align: inherit;\"><span style=\"vertical-align: inherit;\"><span style=\"vertical-align: inherit;\">Revisi\u00f3n de Material Publicitario<\/span><\/span><\/span><\/span><\/span><\/span><\/p><\/div><\/li><li><div><p><span style=\"vertical-align: inherit;\"><span style=\"vertical-align: inherit;\"><span style=\"vertical-align: inherit;\"><span style=\"vertical-align: inherit;\"><span style=\"vertical-align: inherit;\"><span style=\"vertical-align: inherit;\">Publicidad Enga\u00f1osa<\/span><\/span><\/span><\/span><\/span><\/span><\/p><\/div><\/li><li><div><p><span style=\"vertical-align: inherit;\"><span style=\"vertical-align: inherit;\"><span style=\"vertical-align: inherit;\"><span style=\"vertical-align: inherit;\"><span style=\"vertical-align: inherit;\"><span style=\"vertical-align: inherit;\">Protecci\u00f3n al Consumidor<\/span><\/span><\/span><\/span><\/span><\/span><\/p><\/div><\/li><li><div><p><span style=\"vertical-align: inherit;\"><span style=\"vertical-align: inherit;\"><span style=\"vertical-align: inherit;\"><span style=\"vertical-align: inherit;\"><span style=\"vertical-align: inherit;\"><span style=\"vertical-align: inherit;\">Integraciones Empresariales<\/span><\/span><\/span><\/span><\/span><\/span><\/p><\/div><\/li><\/ul><\/div><\/div><\/div><\/div><\/div><\/div>\t\t\t\t\t\t<\/div>\n\t\t\t\t<\/div>\n\t\t\t\t\t<\/div>\n\t\t<\/div>\n\t\t\t\t\t<\/div>\n\t\t<\/section>\n\t\t\t\t<\/div>\n\t\t","protected":false},"excerpt":{"rendered":"<p>COMPETENCIA Y CONSUMO Nuestra firma asesora a sus clientes en Competencia y Consumo \u00a0 Competencia de Venta Revisi\u00f3n de Material Publicitario Publicidad Enga\u00f1osa Protecci\u00f3n al Consumidor Integraciones Empresariales<\/p>\n","protected":false},"author":1,"featured_media":0,"parent":0,"menu_order":0,"comment_status":"closed","ping_status":"closed","template":"","meta":{"om_disable_all_campaigns":false,"_monsterinsights_skip_tracking":false,"_monsterinsights_sitenote_active":false,"_monsterinsights_sitenote_note":"","_monsterinsights_sitenote_category":0,"footnotes":""},"class_list":["post-1386","page","type-page","status-publish","hentry"],"aioseo_notices":[],"yoast_head":"<!-- This site is optimized with the Yoast SEO plugin v20.8 - https:\/\/yoast.com\/wordpress\/plugins\/seo\/ -->\n<title>COMPETENCIA Y CONSUMO -<\/title>\n<meta name=\"robots\" content=\"index, follow, max-snippet:-1, max-image-preview:large, max-video-preview:-1\" \/>\n<link rel=\"canonical\" href=\"https:\/\/lezabogados.com.co\/?page_id=1386\" \/>\n<meta property=\"og:locale\" content=\"en_US\" \/>\n<meta property=\"og:type\" content=\"article\" \/>\n<meta property=\"og:title\" content=\"COMPETENCIA Y CONSUMO -\" \/>\n<meta property=\"og:description\" content=\"COMPETENCIA Y CONSUMO Nuestra firma asesora a sus clientes en Competencia y Consumo \u00a0 Competencia de Venta Revisi\u00f3n de Material Publicitario Publicidad Enga\u00f1osa Protecci\u00f3n al Consumidor Integraciones Empresariales\" \/>\n<meta property=\"og:url\" content=\"https:\/\/lezabogados.com.co\/?page_id=1386\" \/>\n<meta property=\"article:modified_time\" content=\"2023-06-04T15:18:59+00:00\" \/>\n<meta property=\"og:image\" content=\"http:\/\/lezabogados.com.co\/wp-content\/uploads\/2023\/06\/Imagen3-1920x882.png\" \/>\n<meta name=\"twitter:card\" content=\"summary_large_image\" \/>\n<meta name=\"twitter:label1\" content=\"Est. reading time\" \/>\n\t<meta name=\"twitter:data1\" content=\"1 minute\" \/>\n<script type=\"application\/ld+json\" class=\"yoast-schema-graph\">{\"@context\":\"https:\/\/schema.org\",\"@graph\":[{\"@type\":\"WebPage\",\"@id\":\"https:\/\/lezabogados.com.co\/?page_id=1386\",\"url\":\"https:\/\/lezabogados.com.co\/?page_id=1386\",\"name\":\"COMPETENCIA Y CONSUMO -\",\"isPartOf\":{\"@id\":\"https:\/\/lezabogados.com.co\/#website\"},\"datePublished\":\"2023-01-21T22:15:30+00:00\",\"dateModified\":\"2023-06-04T15:18:59+00:00\",\"inLanguage\":\"en-US\",\"potentialAction\":[{\"@type\":\"ReadAction\",\"target\":[\"https:\/\/lezabogados.com.co\/?page_id=1386\"]}]},{\"@type\":\"WebSite\",\"@id\":\"https:\/\/lezabogados.com.co\/#website\",\"url\":\"https:\/\/lezabogados.com.co\/\",\"name\":\"\",\"description\":\"\",\"potentialAction\":[{\"@type\":\"SearchAction\",\"target\":{\"@type\":\"EntryPoint\",\"urlTemplate\":\"https:\/\/lezabogados.com.co\/?s={search_term_string}\"},\"query-input\":\"required name=search_term_string\"}],\"inLanguage\":\"en-US\"}]}<\/script>\n<!-- \/ Yoast SEO plugin. -->","yoast_head_json":{"title":"COMPETENCIA Y CONSUMO -","robots":{"index":"index","follow":"follow","max-snippet":"max-snippet:-1","max-image-preview":"max-image-preview:large","max-video-preview":"max-video-preview:-1"},"canonical":"https:\/\/lezabogados.com.co\/?page_id=1386","og_locale":"en_US","og_type":"article","og_title":"COMPETENCIA Y CONSUMO -","og_description":"COMPETENCIA Y CONSUMO Nuestra firma asesora a sus clientes en Competencia y Consumo \u00a0 Competencia de Venta Revisi\u00f3n de Material Publicitario Publicidad Enga\u00f1osa Protecci\u00f3n al Consumidor Integraciones Empresariales","og_url":"https:\/\/lezabogados.com.co\/?page_id=1386","article_modified_time":"2023-06-04T15:18:59+00:00","og_image":[{"url":"http:\/\/lezabogados.com.co\/wp-content\/uploads\/2023\/06\/Imagen3-1920x882.png"}],"twitter_card":"summary_large_image","twitter_misc":{"Est. reading time":"1 minute"},"schema":{"@context":"https:\/\/schema.org","@graph":[{"@type":"WebPage","@id":"https:\/\/lezabogados.com.co\/?page_id=1386","url":"https:\/\/lezabogados.com.co\/?page_id=1386","name":"COMPETENCIA Y CONSUMO -","isPartOf":{"@id":"https:\/\/lezabogados.com.co\/#website"},"datePublished":"2023-01-21T22:15:30+00:00","dateModified":"2023-06-04T15:18:59+00:00","inLanguage":"en-US","potentialAction":[{"@type":"ReadAction","target":["https:\/\/lezabogados.com.co\/?page_id=1386"]}]},{"@type":"WebSite","@id":"https:\/\/lezabogados.com.co\/#website","url":"https:\/\/lezabogados.com.co\/","name":"","description":"","potentialAction":[{"@type":"SearchAction","target":{"@type":"EntryPoint","urlTemplate":"https:\/\/lezabogados.com.co\/?s={search_term_string}"},"query-input":"required name=search_term_string"}],"inLanguage":"en-US"}]}},"_hostinger_reach_plugin_has_subscription_block":false,"_hostinger_reach_plugin_is_elementor":false,"_links":{"self":[{"href":"https:\/\/lezabogados.com.co\/index.php?rest_route=\/wp\/v2\/pages\/1386","targetHints":{"allow":["GET"]}}],"collection":[{"href":"https:\/\/lezabogados.com.co\/index.php?rest_route=\/wp\/v2\/pages"}],"about":[{"href":"https:\/\/lezabogados.com.co\/index.php?rest_route=\/wp\/v2\/types\/page"}],"author":[{"embeddable":true,"href":"https:\/\/lezabogados.com.co\/index.php?rest_route=\/wp\/v2\/users\/1"}],"replies":[{"embeddable":true,"href":"https:\/\/lezabogados.com.co\/index.php?rest_route=%2Fwp%2Fv2%2Fcomments&post=1386"}],"version-history":[{"count":25,"href":"https:\/\/lezabogados.com.co\/index.php?rest_route=\/wp\/v2\/pages\/1386\/revisions"}],"predecessor-version":[{"id":2433,"href":"https:\/\/lezabogados.com.co\/index.php?rest_route=\/wp\/v2\/pages\/1386\/revisions\/2433"}],"wp:attachment":[{"href":"https:\/\/lezabogados.com.co\/index.php?rest_route=%2Fwp%2Fv2%2Fmedia&parent=1386"}],"curies":[{"name":"wp","href":"https:\/\/api.w.org\/{rel}","templated":true}]}}