{"id":1384,"date":"2023-01-21T22:15:01","date_gmt":"2023-01-21T22:15:01","guid":{"rendered":"https:\/\/lezabogados.com.co\/?page_id=1384"},"modified":"2023-06-04T16:00:22","modified_gmt":"2023-06-04T16:00:22","slug":"litigio-y-resolucion-de-conflictos","status":"publish","type":"page","link":"https:\/\/lezabogados.com.co\/?page_id=1384","title":{"rendered":"LITIGIOS Y RESOLUCI\u00d3N DE CONFLICTOS"},"content":{"rendered":"\t\t<div data-elementor-type=\"wp-page\" data-elementor-id=\"1384\" class=\"elementor elementor-1384\">\n\t\t\t\t\t\t<section class=\"elementor-section elementor-top-section elementor-element elementor-element-13f9652 elementor-section-boxed elementor-section-height-default elementor-section-height-default\" data-id=\"13f9652\" data-element_type=\"section\">\n\t\t\t\t\t\t<div class=\"elementor-container elementor-column-gap-default\">\n\t\t\t\t\t<div class=\"elementor-column elementor-col-100 elementor-top-column elementor-element elementor-element-259262c\" data-id=\"259262c\" data-element_type=\"column\">\n\t\t\t<div class=\"elementor-widget-wrap elementor-element-populated\">\n\t\t\t\t\t\t<div class=\"elementor-element elementor-element-54f2bc8 elementor-widget elementor-widget-heading\" data-id=\"54f2bc8\" data-element_type=\"widget\" data-widget_type=\"heading.default\">\n\t\t\t\t<div class=\"elementor-widget-container\">\n\t\t\t<style>\/*! elementor - v3.21.0 - 08-05-2024 *\/\n.elementor-heading-title{padding:0;margin:0;line-height:1}.elementor-widget-heading .elementor-heading-title[class*=elementor-size-]>a{color:inherit;font-size:inherit;line-height:inherit}.elementor-widget-heading .elementor-heading-title.elementor-size-small{font-size:15px}.elementor-widget-heading .elementor-heading-title.elementor-size-medium{font-size:19px}.elementor-widget-heading .elementor-heading-title.elementor-size-large{font-size:29px}.elementor-widget-heading .elementor-heading-title.elementor-size-xl{font-size:39px}.elementor-widget-heading .elementor-heading-title.elementor-size-xxl{font-size:59px}<\/style><h2 class=\"elementor-heading-title elementor-size-default\">LITIGIOS Y RESOLUCI\u00d3N DE CONFLICTOS<\/h2>\t\t<\/div>\n\t\t\t\t<\/div>\n\t\t\t\t\t<\/div>\n\t\t<\/div>\n\t\t\t\t\t<\/div>\n\t\t<\/section>\n\t\t\t\t<section class=\"elementor-section elementor-top-section elementor-element elementor-element-6d85132 elementor-section-boxed elementor-section-height-default elementor-section-height-default\" data-id=\"6d85132\" data-element_type=\"section\">\n\t\t\t\t\t\t<div class=\"elementor-container elementor-column-gap-default\">\n\t\t\t\t\t<div class=\"elementor-column elementor-col-100 elementor-top-column elementor-element elementor-element-eb390ab\" data-id=\"eb390ab\" data-element_type=\"column\">\n\t\t\t<div class=\"elementor-widget-wrap elementor-element-populated\">\n\t\t\t\t\t\t<div class=\"elementor-element elementor-element-73f7218 elementor-widget elementor-widget-image\" data-id=\"73f7218\" data-element_type=\"widget\" data-widget_type=\"image.default\">\n\t\t\t\t<div class=\"elementor-widget-container\">\n\t\t\t<style>\/*! elementor - v3.21.0 - 08-05-2024 *\/\n.elementor-widget-image{text-align:center}.elementor-widget-image a{display:inline-block}.elementor-widget-image a img[src$=\".svg\"]{width:48px}.elementor-widget-image img{vertical-align:middle;display:inline-block}<\/style>\t\t\t\t\t\t\t\t\t\t<img fetchpriority=\"high\" decoding=\"async\" width=\"1920\" height=\"868\" src=\"https:\/\/lezabogados.com.co\/wp-content\/uploads\/2023\/06\/Imagen9-1920x868.png\" class=\"attachment-mesmerize-full-hd size-mesmerize-full-hd wp-image-2462\" alt=\"\" srcset=\"https:\/\/lezabogados.com.co\/wp-content\/uploads\/2023\/06\/Imagen9-1920x868.png 1920w, https:\/\/lezabogados.com.co\/wp-content\/uploads\/2023\/06\/Imagen9-300x136.png 300w, https:\/\/lezabogados.com.co\/wp-content\/uploads\/2023\/06\/Imagen9-1024x463.png 1024w, https:\/\/lezabogados.com.co\/wp-content\/uploads\/2023\/06\/Imagen9-768x347.png 768w, https:\/\/lezabogados.com.co\/wp-content\/uploads\/2023\/06\/Imagen9-1536x694.png 1536w, https:\/\/lezabogados.com.co\/wp-content\/uploads\/2023\/06\/Imagen9-2048x926.png 2048w, https:\/\/lezabogados.com.co\/wp-content\/uploads\/2023\/06\/Imagen9-600x271.png 600w\" sizes=\"(max-width: 1920px) 100vw, 1920px\" \/>\t\t\t\t\t\t\t\t\t\t\t\t\t<\/div>\n\t\t\t\t<\/div>\n\t\t\t\t\t<\/div>\n\t\t<\/div>\n\t\t\t\t\t<\/div>\n\t\t<\/section>\n\t\t\t\t<section class=\"elementor-section elementor-top-section elementor-element elementor-element-7536b82 elementor-section-boxed elementor-section-height-default elementor-section-height-default\" data-id=\"7536b82\" data-element_type=\"section\">\n\t\t\t\t\t\t<div class=\"elementor-container elementor-column-gap-default\">\n\t\t\t\t\t<div class=\"elementor-column elementor-col-100 elementor-top-column elementor-element elementor-element-754eb54\" data-id=\"754eb54\" data-element_type=\"column\">\n\t\t\t<div class=\"elementor-widget-wrap elementor-element-populated\">\n\t\t\t\t\t\t<div class=\"elementor-element elementor-element-823305d elementor-widget elementor-widget-heading\" data-id=\"823305d\" data-element_type=\"widget\" data-widget_type=\"heading.default\">\n\t\t\t\t<div class=\"elementor-widget-container\">\n\t\t\t<h2 class=\"elementor-heading-title elementor-size-default\"><h2 data-elementor-setting-key=\"title\" data-pen-placeholder=\"Type Here...\" style=\"font-weight: var( --e-global-typography-primary-font-weight ); font-family: var( --e-global-typography-primary-font-family ), Sans-serif; color: rgb(0, 0, 0); text-align: center;\">Nuestra firma asesora a sus clientes en Litigios y Resoluci\u00f3n de Conflictos<\/h2><\/h2>\t\t<\/div>\n\t\t\t\t<\/div>\n\t\t\t\t\t<\/div>\n\t\t<\/div>\n\t\t\t\t\t<\/div>\n\t\t<\/section>\n\t\t\t\t<section class=\"elementor-section elementor-top-section elementor-element elementor-element-29000b9 elementor-section-boxed elementor-section-height-default elementor-section-height-default\" data-id=\"29000b9\" data-element_type=\"section\">\n\t\t\t\t\t\t<div class=\"elementor-container elementor-column-gap-default\">\n\t\t\t\t\t<div class=\"elementor-column elementor-col-100 elementor-top-column elementor-element elementor-element-d697bd1\" data-id=\"d697bd1\" data-element_type=\"column\">\n\t\t\t<div class=\"elementor-widget-wrap elementor-element-populated\">\n\t\t\t\t\t\t<div class=\"elementor-element elementor-element-d4ab825 elementor-widget elementor-widget-text-editor\" data-id=\"d4ab825\" data-element_type=\"widget\" data-widget_type=\"text-editor.default\">\n\t\t\t\t<div class=\"elementor-widget-container\">\n\t\t\t<style>\/*! elementor - v3.21.0 - 08-05-2024 *\/\n.elementor-widget-text-editor.elementor-drop-cap-view-stacked .elementor-drop-cap{background-color:#69727d;color:#fff}.elementor-widget-text-editor.elementor-drop-cap-view-framed .elementor-drop-cap{color:#69727d;border:3px solid;background-color:transparent}.elementor-widget-text-editor:not(.elementor-drop-cap-view-default) .elementor-drop-cap{margin-top:8px}.elementor-widget-text-editor:not(.elementor-drop-cap-view-default) .elementor-drop-cap-letter{width:1em;height:1em}.elementor-widget-text-editor .elementor-drop-cap{float:left;text-align:center;line-height:1;font-size:50px}.elementor-widget-text-editor .elementor-drop-cap-letter{display:inline-block}<\/style>\t\t\t\t<p><\/p>\n<p><br><\/p>\n<div id=\"custom\" class=\"h-section h-section-global-spacing d-flex align-items-lg-center align-items-md-center align-items-center style-864 style-local-1384-c5 position-relative\" data-colibri-component=\"section\" data-colibri-id=\"1384-c5\">\n<div class=\"h-section-grid-container h-section-boxed-container\">\n<div class=\"h-row-container gutters-row-lg-2 gutters-row-md-2 gutters-row-0 gutters-row-v-lg-2 gutters-row-v-md-2 gutters-row-v-2 style-865 style-local-1384-c6 position-relative\" data-colibri-id=\"1384-c6\">\n<div class=\"h-row justify-content-lg-center justify-content-md-center justify-content-center align-items-lg-stretch align-items-md-stretch align-items-stretch gutters-col-lg-2 gutters-col-md-2 gutters-col-0 gutters-col-v-lg-2 gutters-col-v-md-2 gutters-col-v-2\">\n<div class=\"h-column h-column-container d-flex h-col-lg-auto h-col-md-auto h-col-auto style-866-outer style-local-1384-c7-outer\">\n<div class=\"d-flex h-flex-basis h-column__inner h-px-lg-2 h-px-md-2 h-px-2 v-inner-lg-2 v-inner-md-2 v-inner-2 style-866 style-local-1384-c7 position-relative\" data-colibri-id=\"1384-c7\">\n<div class=\"w-100 h-y-container h-column__content h-column__v-align flex-basis-100 align-self-lg-start align-self-md-start align-self-start\">\n<div class=\"icon-list d-flex justify-content-lg-start justify-content-md-start justify-content-start style-867 style-local-1384-c8 position-relative h-element\" data-colibri-id=\"1384-c8\">\n<ul class=\"ul-list-icon vertical-on-desktop vertical-on-tablet vertical-on-mobile justify-content-lg-start justify-content-md-start justify-content-start\">\n<li class=\"list-item no-gutters\">\n<p>Recuperaci\u00f3n de Cartera<\/p>\n<\/li>\n<li class=\"list-item no-gutters\">\n<p>Insolvencia de personas naturales no comerciantes<\/p>\n<\/li>\n<li class=\"list-item no-gutters\">\n<p>Acompa\u00f1amiento en tramites notariales<\/p>\n<\/li>\n<li class=\"list-item no-gutters\">\n<p>Acompa\u00f1amientos de tramites extrajudiciales<\/p>\n<\/li>\n<li class=\"list-item no-gutters\">\n<p>Revisi\u00f3n, valoraci\u00f3n y elaboraci\u00f3n de estrategia legales<\/p>\n<\/li>\n<li class=\"list-item no-gutters\">\n<p>Mecanismos alternativo de resoluci\u00f3n de conflicto<\/p>\n<\/li>\n<li class=\"list-item no-gutters\">\n<p style=\"margin-bottom: 16px;\">Acompa\u00f1amiento ante Jueces, Tribunales y Cortes<\/p>\n<\/li>\n<\/ul>\n<\/div>\n<\/div>\n<\/div>\n<\/div>\n<\/div>\n<\/div>\n<\/div>\n<\/div>\t\t\t\t\t\t<\/div>\n\t\t\t\t<\/div>\n\t\t\t\t\t<\/div>\n\t\t<\/div>\n\t\t\t\t\t<\/div>\n\t\t<\/section>\n\t\t\t\t<\/div>\n\t\t","protected":false},"excerpt":{"rendered":"<p>LITIGIOS Y RESOLUCI\u00d3N DE CONFLICTOS Nuestra firma asesora a sus clientes en Litigios y Resoluci\u00f3n de Conflictos Recuperaci\u00f3n de Cartera Insolvencia de personas naturales no comerciantes Acompa\u00f1amiento en tramites notariales Acompa\u00f1amientos de tramites extrajudiciales Revisi\u00f3n, valoraci\u00f3n y elaboraci\u00f3n de estrategia legales Mecanismos alternativo de resoluci\u00f3n de conflicto Acompa\u00f1amiento ante Jueces, Tribunales y Cortes<\/p>\n","protected":false},"author":1,"featured_media":0,"parent":0,"menu_order":0,"comment_status":"closed","ping_status":"closed","template":"","meta":{"om_disable_all_campaigns":false,"_monsterinsights_skip_tracking":false,"_monsterinsights_sitenote_active":false,"_monsterinsights_sitenote_note":"","_monsterinsights_sitenote_category":0,"footnotes":""},"class_list":["post-1384","page","type-page","status-publish","hentry"],"aioseo_notices":[],"yoast_head":"<!-- This site is optimized with the Yoast SEO plugin v20.8 - https:\/\/yoast.com\/wordpress\/plugins\/seo\/ -->\n<title>LITIGIOS Y RESOLUCI\u00d3N DE CONFLICTOS -<\/title>\n<meta name=\"robots\" content=\"index, follow, max-snippet:-1, max-image-preview:large, max-video-preview:-1\" \/>\n<link rel=\"canonical\" href=\"https:\/\/lezabogados.com.co\/?page_id=1384\" \/>\n<meta property=\"og:locale\" content=\"en_US\" \/>\n<meta property=\"og:type\" content=\"article\" \/>\n<meta property=\"og:title\" content=\"LITIGIOS Y RESOLUCI\u00d3N DE CONFLICTOS -\" \/>\n<meta property=\"og:description\" content=\"LITIGIOS Y RESOLUCI\u00d3N DE CONFLICTOS Nuestra firma asesora a sus clientes en Litigios y Resoluci\u00f3n de Conflictos Recuperaci\u00f3n de Cartera Insolvencia de personas naturales no comerciantes Acompa\u00f1amiento en tramites notariales Acompa\u00f1amientos de tramites extrajudiciales Revisi\u00f3n, valoraci\u00f3n y elaboraci\u00f3n de estrategia legales Mecanismos alternativo de resoluci\u00f3n de conflicto Acompa\u00f1amiento ante Jueces, Tribunales y Cortes\" \/>\n<meta property=\"og:url\" content=\"https:\/\/lezabogados.com.co\/?page_id=1384\" \/>\n<meta property=\"article:modified_time\" content=\"2023-06-04T16:00:22+00:00\" \/>\n<meta property=\"og:image\" content=\"http:\/\/lezabogados.com.co\/wp-content\/uploads\/2023\/06\/Imagen9-1920x868.png\" \/>\n<meta name=\"twitter:card\" content=\"summary_large_image\" \/>\n<meta name=\"twitter:label1\" content=\"Est. reading time\" \/>\n\t<meta name=\"twitter:data1\" content=\"1 minute\" \/>\n<script type=\"application\/ld+json\" class=\"yoast-schema-graph\">{\"@context\":\"https:\/\/schema.org\",\"@graph\":[{\"@type\":\"WebPage\",\"@id\":\"https:\/\/lezabogados.com.co\/?page_id=1384\",\"url\":\"https:\/\/lezabogados.com.co\/?page_id=1384\",\"name\":\"LITIGIOS Y RESOLUCI\u00d3N DE CONFLICTOS -\",\"isPartOf\":{\"@id\":\"https:\/\/lezabogados.com.co\/#website\"},\"datePublished\":\"2023-01-21T22:15:01+00:00\",\"dateModified\":\"2023-06-04T16:00:22+00:00\",\"inLanguage\":\"en-US\",\"potentialAction\":[{\"@type\":\"ReadAction\",\"target\":[\"https:\/\/lezabogados.com.co\/?page_id=1384\"]}]},{\"@type\":\"WebSite\",\"@id\":\"https:\/\/lezabogados.com.co\/#website\",\"url\":\"https:\/\/lezabogados.com.co\/\",\"name\":\"\",\"description\":\"\",\"potentialAction\":[{\"@type\":\"SearchAction\",\"target\":{\"@type\":\"EntryPoint\",\"urlTemplate\":\"https:\/\/lezabogados.com.co\/?s={search_term_string}\"},\"query-input\":\"required name=search_term_string\"}],\"inLanguage\":\"en-US\"}]}<\/script>\n<!-- \/ Yoast SEO plugin. -->","yoast_head_json":{"title":"LITIGIOS Y RESOLUCI\u00d3N DE CONFLICTOS -","robots":{"index":"index","follow":"follow","max-snippet":"max-snippet:-1","max-image-preview":"max-image-preview:large","max-video-preview":"max-video-preview:-1"},"canonical":"https:\/\/lezabogados.com.co\/?page_id=1384","og_locale":"en_US","og_type":"article","og_title":"LITIGIOS Y RESOLUCI\u00d3N DE CONFLICTOS -","og_description":"LITIGIOS Y RESOLUCI\u00d3N DE CONFLICTOS Nuestra firma asesora a sus clientes en Litigios y Resoluci\u00f3n de Conflictos Recuperaci\u00f3n de Cartera Insolvencia de personas naturales no comerciantes Acompa\u00f1amiento en tramites notariales Acompa\u00f1amientos de tramites extrajudiciales Revisi\u00f3n, valoraci\u00f3n y elaboraci\u00f3n de estrategia legales Mecanismos alternativo de resoluci\u00f3n de conflicto Acompa\u00f1amiento ante Jueces, Tribunales y Cortes","og_url":"https:\/\/lezabogados.com.co\/?page_id=1384","article_modified_time":"2023-06-04T16:00:22+00:00","og_image":[{"url":"http:\/\/lezabogados.com.co\/wp-content\/uploads\/2023\/06\/Imagen9-1920x868.png"}],"twitter_card":"summary_large_image","twitter_misc":{"Est. reading time":"1 minute"},"schema":{"@context":"https:\/\/schema.org","@graph":[{"@type":"WebPage","@id":"https:\/\/lezabogados.com.co\/?page_id=1384","url":"https:\/\/lezabogados.com.co\/?page_id=1384","name":"LITIGIOS Y RESOLUCI\u00d3N DE CONFLICTOS -","isPartOf":{"@id":"https:\/\/lezabogados.com.co\/#website"},"datePublished":"2023-01-21T22:15:01+00:00","dateModified":"2023-06-04T16:00:22+00:00","inLanguage":"en-US","potentialAction":[{"@type":"ReadAction","target":["https:\/\/lezabogados.com.co\/?page_id=1384"]}]},{"@type":"WebSite","@id":"https:\/\/lezabogados.com.co\/#website","url":"https:\/\/lezabogados.com.co\/","name":"","description":"","potentialAction":[{"@type":"SearchAction","target":{"@type":"EntryPoint","urlTemplate":"https:\/\/lezabogados.com.co\/?s={search_term_string}"},"query-input":"required name=search_term_string"}],"inLanguage":"en-US"}]}},"_hostinger_reach_plugin_has_subscription_block":false,"_hostinger_reach_plugin_is_elementor":false,"_links":{"self":[{"href":"https:\/\/lezabogados.com.co\/index.php?rest_route=\/wp\/v2\/pages\/1384","targetHints":{"allow":["GET"]}}],"collection":[{"href":"https:\/\/lezabogados.com.co\/index.php?rest_route=\/wp\/v2\/pages"}],"about":[{"href":"https:\/\/lezabogados.com.co\/index.php?rest_route=\/wp\/v2\/types\/page"}],"author":[{"embeddable":true,"href":"https:\/\/lezabogados.com.co\/index.php?rest_route=\/wp\/v2\/users\/1"}],"replies":[{"embeddable":true,"href":"https:\/\/lezabogados.com.co\/index.php?rest_route=%2Fwp%2Fv2%2Fcomments&post=1384"}],"version-history":[{"count":24,"href":"https:\/\/lezabogados.com.co\/index.php?rest_route=\/wp\/v2\/pages\/1384\/revisions"}],"predecessor-version":[{"id":2465,"href":"https:\/\/lezabogados.com.co\/index.php?rest_route=\/wp\/v2\/pages\/1384\/revisions\/2465"}],"wp:attachment":[{"href":"https:\/\/lezabogados.com.co\/index.php?rest_route=%2Fwp%2Fv2%2Fmedia&parent=1384"}],"curies":[{"name":"wp","href":"https:\/\/api.w.org\/{rel}","templated":true}]}}