{"id":1376,"date":"2023-01-21T22:09:04","date_gmt":"2023-01-21T22:09:04","guid":{"rendered":"https:\/\/lezabogados.com.co\/?page_id=1376"},"modified":"2023-06-04T15:54:20","modified_gmt":"2023-06-04T15:54:20","slug":"derecho-societario","status":"publish","type":"page","link":"https:\/\/lezabogados.com.co\/?page_id=1376","title":{"rendered":"DERECHO SOCIETARIO"},"content":{"rendered":"\t\t<div data-elementor-type=\"wp-page\" data-elementor-id=\"1376\" class=\"elementor elementor-1376\">\n\t\t\t\t\t\t<section class=\"elementor-section elementor-top-section elementor-element elementor-element-e44cddb elementor-section-boxed elementor-section-height-default elementor-section-height-default\" data-id=\"e44cddb\" data-element_type=\"section\">\n\t\t\t\t\t\t<div class=\"elementor-container elementor-column-gap-default\">\n\t\t\t\t\t<div class=\"elementor-column elementor-col-100 elementor-top-column elementor-element elementor-element-07c1dc1\" data-id=\"07c1dc1\" data-element_type=\"column\">\n\t\t\t<div class=\"elementor-widget-wrap elementor-element-populated\">\n\t\t\t\t\t\t<div class=\"elementor-element elementor-element-4c58cb5 elementor-widget elementor-widget-heading\" data-id=\"4c58cb5\" data-element_type=\"widget\" data-widget_type=\"heading.default\">\n\t\t\t\t<div class=\"elementor-widget-container\">\n\t\t\t<style>\/*! elementor - v3.21.0 - 08-05-2024 *\/\n.elementor-heading-title{padding:0;margin:0;line-height:1}.elementor-widget-heading .elementor-heading-title[class*=elementor-size-]>a{color:inherit;font-size:inherit;line-height:inherit}.elementor-widget-heading .elementor-heading-title.elementor-size-small{font-size:15px}.elementor-widget-heading .elementor-heading-title.elementor-size-medium{font-size:19px}.elementor-widget-heading .elementor-heading-title.elementor-size-large{font-size:29px}.elementor-widget-heading .elementor-heading-title.elementor-size-xl{font-size:39px}.elementor-widget-heading .elementor-heading-title.elementor-size-xxl{font-size:59px}<\/style><h2 class=\"elementor-heading-title elementor-size-default\">DERECHO SOCIETARIO<\/h2>\t\t<\/div>\n\t\t\t\t<\/div>\n\t\t\t\t\t<\/div>\n\t\t<\/div>\n\t\t\t\t\t<\/div>\n\t\t<\/section>\n\t\t\t\t<section class=\"elementor-section elementor-top-section elementor-element elementor-element-b7ff38e elementor-section-boxed elementor-section-height-default elementor-section-height-default\" data-id=\"b7ff38e\" data-element_type=\"section\">\n\t\t\t\t\t\t<div class=\"elementor-container elementor-column-gap-default\">\n\t\t\t\t\t<div class=\"elementor-column elementor-col-100 elementor-top-column elementor-element elementor-element-f2bc1ad\" data-id=\"f2bc1ad\" data-element_type=\"column\">\n\t\t\t<div class=\"elementor-widget-wrap elementor-element-populated\">\n\t\t\t\t\t\t<div class=\"elementor-element elementor-element-07ebb4f elementor-widget elementor-widget-image\" data-id=\"07ebb4f\" data-element_type=\"widget\" data-widget_type=\"image.default\">\n\t\t\t\t<div class=\"elementor-widget-container\">\n\t\t\t<style>\/*! elementor - v3.21.0 - 08-05-2024 *\/\n.elementor-widget-image{text-align:center}.elementor-widget-image a{display:inline-block}.elementor-widget-image a img[src$=\".svg\"]{width:48px}.elementor-widget-image img{vertical-align:middle;display:inline-block}<\/style>\t\t\t\t\t\t\t\t\t\t<img fetchpriority=\"high\" decoding=\"async\" width=\"1024\" height=\"450\" src=\"https:\/\/lezabogados.com.co\/wp-content\/uploads\/2023\/06\/Imagen8-1024x450.png\" class=\"attachment-large size-large wp-image-2454\" alt=\"\" srcset=\"https:\/\/lezabogados.com.co\/wp-content\/uploads\/2023\/06\/Imagen8-1024x450.png 1024w, https:\/\/lezabogados.com.co\/wp-content\/uploads\/2023\/06\/Imagen8-300x132.png 300w, https:\/\/lezabogados.com.co\/wp-content\/uploads\/2023\/06\/Imagen8-768x338.png 768w, https:\/\/lezabogados.com.co\/wp-content\/uploads\/2023\/06\/Imagen8-1536x675.png 1536w, https:\/\/lezabogados.com.co\/wp-content\/uploads\/2023\/06\/Imagen8-2048x900.png 2048w, https:\/\/lezabogados.com.co\/wp-content\/uploads\/2023\/06\/Imagen8-1920x844.png 1920w, https:\/\/lezabogados.com.co\/wp-content\/uploads\/2023\/06\/Imagen8-600x264.png 600w\" sizes=\"(max-width: 1024px) 100vw, 1024px\" \/>\t\t\t\t\t\t\t\t\t\t\t\t\t<\/div>\n\t\t\t\t<\/div>\n\t\t\t\t\t<\/div>\n\t\t<\/div>\n\t\t\t\t\t<\/div>\n\t\t<\/section>\n\t\t\t\t<section class=\"elementor-section elementor-top-section elementor-element elementor-element-36e9005 elementor-section-boxed elementor-section-height-default elementor-section-height-default\" data-id=\"36e9005\" data-element_type=\"section\">\n\t\t\t\t\t\t<div class=\"elementor-container elementor-column-gap-default\">\n\t\t\t\t\t<div class=\"elementor-column elementor-col-100 elementor-top-column elementor-element elementor-element-8f94a3c\" data-id=\"8f94a3c\" data-element_type=\"column\">\n\t\t\t<div class=\"elementor-widget-wrap elementor-element-populated\">\n\t\t\t\t\t\t<div class=\"elementor-element elementor-element-01148ac elementor-widget elementor-widget-heading\" data-id=\"01148ac\" data-element_type=\"widget\" data-widget_type=\"heading.default\">\n\t\t\t\t<div class=\"elementor-widget-container\">\n\t\t\t<h2 class=\"elementor-heading-title elementor-size-default\"><h2 data-elementor-setting-key=\"title\" data-pen-placeholder=\"Type Here...\" style=\"font-weight: var( --e-global-typography-primary-font-weight ); font-family: var( --e-global-typography-primary-font-family ), Sans-serif; color: rgb(0, 0, 0); text-align: center;\">Nuestra firma asesora a sus clientes en Derecho Societario<\/h2><\/h2>\t\t<\/div>\n\t\t\t\t<\/div>\n\t\t\t\t\t<\/div>\n\t\t<\/div>\n\t\t\t\t\t<\/div>\n\t\t<\/section>\n\t\t\t\t<section class=\"elementor-section elementor-top-section elementor-element elementor-element-e1d88f2 elementor-section-boxed elementor-section-height-default elementor-section-height-default\" data-id=\"e1d88f2\" data-element_type=\"section\">\n\t\t\t\t\t\t<div class=\"elementor-container elementor-column-gap-default\">\n\t\t\t\t\t<div class=\"elementor-column elementor-col-100 elementor-top-column elementor-element elementor-element-22df212\" data-id=\"22df212\" data-element_type=\"column\">\n\t\t\t<div class=\"elementor-widget-wrap elementor-element-populated\">\n\t\t\t\t\t\t<div class=\"elementor-element elementor-element-0582605 elementor-widget elementor-widget-text-editor\" data-id=\"0582605\" data-element_type=\"widget\" data-widget_type=\"text-editor.default\">\n\t\t\t\t<div class=\"elementor-widget-container\">\n\t\t\t<style>\/*! elementor - v3.21.0 - 08-05-2024 *\/\n.elementor-widget-text-editor.elementor-drop-cap-view-stacked .elementor-drop-cap{background-color:#69727d;color:#fff}.elementor-widget-text-editor.elementor-drop-cap-view-framed .elementor-drop-cap{color:#69727d;border:3px solid;background-color:transparent}.elementor-widget-text-editor:not(.elementor-drop-cap-view-default) .elementor-drop-cap{margin-top:8px}.elementor-widget-text-editor:not(.elementor-drop-cap-view-default) .elementor-drop-cap-letter{width:1em;height:1em}.elementor-widget-text-editor .elementor-drop-cap{float:left;text-align:center;line-height:1;font-size:50px}.elementor-widget-text-editor .elementor-drop-cap-letter{display:inline-block}<\/style>\t\t\t\t<div data-colibri-id=\"1376-c5\">\n<div>\n<p><br><\/p>\n<\/div>\n<\/div>\n<div data-colibri-id=\"1376-c6\">\n<ul>\n<li>\n<p><span style=\"vertical-align: inherit;\"><span style=\"vertical-align: inherit;\"><span style=\"vertical-align: inherit;\"><span style=\"vertical-align: inherit;\">Procesos de insolvencia empresarial<\/span><\/span><\/span><\/span><\/p>\n<\/li>\n<li>\n<p><span style=\"color: var( --e-global-color-text ); font-family: var( --e-global-typography-text-font-family ), Sans-serif; font-weight: var( --e-global-typography-text-font-weight );\"><span style=\"vertical-align: inherit;\"><span style=\"vertical-align: inherit;\"><span style=\"vertical-align: inherit;\"><span style=\"vertical-align: inherit;\">Liquidaci\u00f3n Voluntaria<\/span><\/span><\/span><\/span><\/span><\/p>\n<\/li>\n<li>\n<p><span style=\"color: var( --e-global-color-text ); font-family: var( --e-global-typography-text-font-family ), Sans-serif; font-weight: var( --e-global-typography-text-font-weight );\"><span style=\"vertical-align: inherit;\"><span style=\"vertical-align: inherit;\"><span style=\"vertical-align: inherit;\"><span style=\"vertical-align: inherit;\">Liquidaci\u00f3n judicial<\/span><\/span><\/span><\/span><\/span><\/p>\n<\/li>\n<li>\n<p><span style=\"color: var( --e-global-color-text ); font-family: var( --e-global-typography-text-font-family ), Sans-serif; font-weight: var( --e-global-typography-text-font-weight );\"><span style=\"vertical-align: inherit;\"><span style=\"vertical-align: inherit;\"><span style=\"vertical-align: inherit;\"><span style=\"vertical-align: inherit;\">Validaci\u00f3n de acuerdos de reorganizaci\u00f3n extrajudicial<\/span><\/span><\/span><\/span><\/span><\/p>\n<\/li>\n<li>\n<p><span style=\"color: var( --e-global-color-text ); font-family: var( --e-global-typography-text-font-family ), Sans-serif; font-weight: var( --e-global-typography-text-font-weight );\"><span style=\"vertical-align: inherit;\"><span style=\"vertical-align: inherit;\"><span style=\"vertical-align: inherit;\"><span style=\"vertical-align: inherit;\">Sarlaft anual<\/span><\/span><\/span><\/span><\/span><\/p>\n<\/li>\n<li>\n<p><span style=\"color: var( --e-global-color-text ); font-family: var( --e-global-typography-text-font-family ), Sans-serif; font-weight: var( --e-global-typography-text-font-weight );\"><span style=\"vertical-align: inherit;\"><span style=\"vertical-align: inherit;\"><span style=\"vertical-align: inherit;\"><span style=\"vertical-align: inherit;\">Resoluci\u00f3n de conflictos societarios<\/span><\/span><\/span><\/span><\/span><\/p>\n<\/li>\n<li>\n<p><span style=\"color: var( --e-global-color-text ); font-family: var( --e-global-typography-text-font-family ), Sans-serif; font-weight: var( --e-global-typography-text-font-weight );\"><span style=\"vertical-align: inherit;\"><span style=\"vertical-align: inherit;\"><span style=\"vertical-align: inherit;\"><span style=\"vertical-align: inherit;\">Constituci\u00f3n de sociedad y sucursales<\/span><\/span><\/span><\/span><\/span><\/p>\n<\/li>\n<li>\n<p><span style=\"color: var( --e-global-color-text ); font-family: var( --e-global-typography-text-font-family ), Sans-serif; font-weight: var( --e-global-typography-text-font-weight );\"><span style=\"vertical-align: inherit;\"><span style=\"vertical-align: inherit;\"><span style=\"vertical-align: inherit;\"><span style=\"vertical-align: inherit;\">Preparaci\u00f3n de reuniones ordinarias y extraordinarias de \u00f3rganos societarios<\/span><\/span><\/span><\/span><\/span><\/p>\n<\/li>\n<li>\n<p><span style=\"color: var( --e-global-color-text ); font-family: var( --e-global-typography-text-font-family ), Sans-serif; font-weight: var( --e-global-typography-text-font-weight );\"><span style=\"vertical-align: inherit;\"><span style=\"vertical-align: inherit;\"><span style=\"vertical-align: inherit;\"><span style=\"vertical-align: inherit;\">Asesor\u00eda y acompa\u00f1amiento en Asambleas de Accionistas, Juntas Directivas, elaboraci\u00f3n de actas, manejo de los libros de la sociedad, representaci\u00f3n de accionistas del exterior<\/span><\/span><\/span><\/span><\/span><\/p>\n<\/li>\n<li>\n<p><span style=\"color: var( --e-global-color-text ); font-family: var( --e-global-typography-text-font-family ), Sans-serif; font-weight: var( --e-global-typography-text-font-weight );\"><span style=\"vertical-align: inherit;\"><span style=\"vertical-align: inherit;\"><span style=\"vertical-align: inherit;\"><span style=\"vertical-align: inherit;\">Acciones contra otros accionistas y\/o la sociedad<\/span><\/span><\/span><\/span><\/span><\/p>\n<\/li>\n<li>\n<p><span style=\"color: var( --e-global-color-text ); font-family: var( --e-global-typography-text-font-family ), Sans-serif; font-weight: var( --e-global-typography-text-font-weight );\"><span style=\"vertical-align: inherit;\"><span style=\"vertical-align: inherit;\"><span style=\"vertical-align: inherit;\"><span style=\"vertical-align: inherit;\">Impugnaci\u00f3n de actos societarios<\/span><\/span><\/span><\/span><\/span><\/p>\n<\/li>\n<li>\n<p><span style=\"color: var( --e-global-color-text ); font-family: var( --e-global-typography-text-font-family ), Sans-serif; font-weight: var( --e-global-typography-text-font-weight );\"><span style=\"vertical-align: inherit;\"><span style=\"vertical-align: inherit;\"><span style=\"vertical-align: inherit;\"><span style=\"vertical-align: inherit;\">Funciones y adquisiciones<\/span><\/span><\/span><\/span><\/span><\/p>\n<\/li>\n<li>\n<p><span style=\"color: var( --e-global-color-text ); font-family: var( --e-global-typography-text-font-family ), Sans-serif; font-weight: var( --e-global-typography-text-font-weight );\"><span style=\"vertical-align: inherit;\"><span style=\"vertical-align: inherit;\"><span style=\"vertical-align: inherit;\"><span style=\"vertical-align: inherit;\">Defensa Corporativa<\/span><\/span><\/span><\/span><\/span><\/p>\n<\/li>\n<li>\n<p><span style=\"color: var( --e-global-color-text ); font-family: var( --e-global-typography-text-font-family ), Sans-serif; font-weight: var( --e-global-typography-text-font-weight );\"><span style=\"vertical-align: inherit;\"><span style=\"vertical-align: inherit;\"><span style=\"vertical-align: inherit;\"><span style=\"vertical-align: inherit;\">Asesoria general<\/span><\/span><\/span><\/span><\/span><\/p>\n<\/li>\n<li>\n<p><span style=\"color: var( --e-global-color-text ); font-family: var( --e-global-typography-text-font-family ), Sans-serif; font-weight: var( --e-global-typography-text-font-weight );\"><span style=\"vertical-align: inherit;\"><span style=\"vertical-align: inherit;\"><span style=\"vertical-align: inherit;\"><span style=\"vertical-align: inherit;\">Cannabis medicinal<\/span><\/span><\/span><\/span><\/span><\/p>\n<\/li>\n<\/ul>\n<\/div>\t\t\t\t\t\t<\/div>\n\t\t\t\t<\/div>\n\t\t\t\t\t<\/div>\n\t\t<\/div>\n\t\t\t\t\t<\/div>\n\t\t<\/section>\n\t\t\t\t<\/div>\n\t\t","protected":false},"excerpt":{"rendered":"<p>DERECHO SOCIETARIO Nuestra firma asesora a sus clientes en Derecho Societario Procesos de insolvencia empresarial Liquidaci\u00f3n Voluntaria Liquidaci\u00f3n judicial Validaci\u00f3n de acuerdos de reorganizaci\u00f3n extrajudicial Sarlaft anual Resoluci\u00f3n de conflictos societarios Constituci\u00f3n de sociedad y sucursales Preparaci\u00f3n de reuniones ordinarias y extraordinarias de \u00f3rganos societarios Asesor\u00eda y acompa\u00f1amiento en Asambleas de Accionistas, Juntas Directivas, elaboraci\u00f3n&hellip; <br \/> <a class=\"read-more\" href=\"https:\/\/lezabogados.com.co\/?page_id=1376\">Read more<\/a><\/p>\n","protected":false},"author":1,"featured_media":0,"parent":0,"menu_order":0,"comment_status":"closed","ping_status":"closed","template":"","meta":{"om_disable_all_campaigns":false,"_monsterinsights_skip_tracking":false,"_monsterinsights_sitenote_active":false,"_monsterinsights_sitenote_note":"","_monsterinsights_sitenote_category":0,"footnotes":""},"class_list":["post-1376","page","type-page","status-publish","hentry"],"aioseo_notices":[],"yoast_head":"<!-- This site is optimized with the Yoast SEO plugin v20.8 - https:\/\/yoast.com\/wordpress\/plugins\/seo\/ -->\n<title>DERECHO SOCIETARIO -<\/title>\n<meta name=\"robots\" content=\"index, follow, max-snippet:-1, max-image-preview:large, max-video-preview:-1\" \/>\n<link rel=\"canonical\" href=\"https:\/\/lezabogados.com.co\/?page_id=1376\" \/>\n<meta property=\"og:locale\" content=\"en_US\" \/>\n<meta property=\"og:type\" content=\"article\" \/>\n<meta property=\"og:title\" content=\"DERECHO SOCIETARIO -\" \/>\n<meta property=\"og:description\" content=\"DERECHO SOCIETARIO Nuestra firma asesora a sus clientes en Derecho Societario Procesos de insolvencia empresarial Liquidaci\u00f3n Voluntaria Liquidaci\u00f3n judicial Validaci\u00f3n de acuerdos de reorganizaci\u00f3n extrajudicial Sarlaft anual Resoluci\u00f3n de conflictos societarios Constituci\u00f3n de sociedad y sucursales Preparaci\u00f3n de reuniones ordinarias y extraordinarias de \u00f3rganos societarios Asesor\u00eda y acompa\u00f1amiento en Asambleas de Accionistas, Juntas Directivas, elaboraci\u00f3n&hellip; Read more\" \/>\n<meta property=\"og:url\" content=\"https:\/\/lezabogados.com.co\/?page_id=1376\" \/>\n<meta property=\"article:modified_time\" content=\"2023-06-04T15:54:20+00:00\" \/>\n<meta property=\"og:image\" content=\"http:\/\/lezabogados.com.co\/wp-content\/uploads\/2023\/06\/Imagen8-1024x450.png\" \/>\n<meta name=\"twitter:card\" content=\"summary_large_image\" \/>\n<meta name=\"twitter:label1\" content=\"Est. reading time\" \/>\n\t<meta name=\"twitter:data1\" content=\"1 minute\" \/>\n<script type=\"application\/ld+json\" class=\"yoast-schema-graph\">{\"@context\":\"https:\/\/schema.org\",\"@graph\":[{\"@type\":\"WebPage\",\"@id\":\"https:\/\/lezabogados.com.co\/?page_id=1376\",\"url\":\"https:\/\/lezabogados.com.co\/?page_id=1376\",\"name\":\"DERECHO SOCIETARIO -\",\"isPartOf\":{\"@id\":\"https:\/\/lezabogados.com.co\/#website\"},\"datePublished\":\"2023-01-21T22:09:04+00:00\",\"dateModified\":\"2023-06-04T15:54:20+00:00\",\"inLanguage\":\"en-US\",\"potentialAction\":[{\"@type\":\"ReadAction\",\"target\":[\"https:\/\/lezabogados.com.co\/?page_id=1376\"]}]},{\"@type\":\"WebSite\",\"@id\":\"https:\/\/lezabogados.com.co\/#website\",\"url\":\"https:\/\/lezabogados.com.co\/\",\"name\":\"\",\"description\":\"\",\"potentialAction\":[{\"@type\":\"SearchAction\",\"target\":{\"@type\":\"EntryPoint\",\"urlTemplate\":\"https:\/\/lezabogados.com.co\/?s={search_term_string}\"},\"query-input\":\"required name=search_term_string\"}],\"inLanguage\":\"en-US\"}]}<\/script>\n<!-- \/ Yoast SEO plugin. -->","yoast_head_json":{"title":"DERECHO SOCIETARIO -","robots":{"index":"index","follow":"follow","max-snippet":"max-snippet:-1","max-image-preview":"max-image-preview:large","max-video-preview":"max-video-preview:-1"},"canonical":"https:\/\/lezabogados.com.co\/?page_id=1376","og_locale":"en_US","og_type":"article","og_title":"DERECHO SOCIETARIO -","og_description":"DERECHO SOCIETARIO Nuestra firma asesora a sus clientes en Derecho Societario Procesos de insolvencia empresarial Liquidaci\u00f3n Voluntaria Liquidaci\u00f3n judicial Validaci\u00f3n de acuerdos de reorganizaci\u00f3n extrajudicial Sarlaft anual Resoluci\u00f3n de conflictos societarios Constituci\u00f3n de sociedad y sucursales Preparaci\u00f3n de reuniones ordinarias y extraordinarias de \u00f3rganos societarios Asesor\u00eda y acompa\u00f1amiento en Asambleas de Accionistas, Juntas Directivas, elaboraci\u00f3n&hellip; Read more","og_url":"https:\/\/lezabogados.com.co\/?page_id=1376","article_modified_time":"2023-06-04T15:54:20+00:00","og_image":[{"url":"http:\/\/lezabogados.com.co\/wp-content\/uploads\/2023\/06\/Imagen8-1024x450.png"}],"twitter_card":"summary_large_image","twitter_misc":{"Est. reading time":"1 minute"},"schema":{"@context":"https:\/\/schema.org","@graph":[{"@type":"WebPage","@id":"https:\/\/lezabogados.com.co\/?page_id=1376","url":"https:\/\/lezabogados.com.co\/?page_id=1376","name":"DERECHO SOCIETARIO -","isPartOf":{"@id":"https:\/\/lezabogados.com.co\/#website"},"datePublished":"2023-01-21T22:09:04+00:00","dateModified":"2023-06-04T15:54:20+00:00","inLanguage":"en-US","potentialAction":[{"@type":"ReadAction","target":["https:\/\/lezabogados.com.co\/?page_id=1376"]}]},{"@type":"WebSite","@id":"https:\/\/lezabogados.com.co\/#website","url":"https:\/\/lezabogados.com.co\/","name":"","description":"","potentialAction":[{"@type":"SearchAction","target":{"@type":"EntryPoint","urlTemplate":"https:\/\/lezabogados.com.co\/?s={search_term_string}"},"query-input":"required name=search_term_string"}],"inLanguage":"en-US"}]}},"_hostinger_reach_plugin_has_subscription_block":false,"_hostinger_reach_plugin_is_elementor":false,"_links":{"self":[{"href":"https:\/\/lezabogados.com.co\/index.php?rest_route=\/wp\/v2\/pages\/1376","targetHints":{"allow":["GET"]}}],"collection":[{"href":"https:\/\/lezabogados.com.co\/index.php?rest_route=\/wp\/v2\/pages"}],"about":[{"href":"https:\/\/lezabogados.com.co\/index.php?rest_route=\/wp\/v2\/types\/page"}],"author":[{"embeddable":true,"href":"https:\/\/lezabogados.com.co\/index.php?rest_route=\/wp\/v2\/users\/1"}],"replies":[{"embeddable":true,"href":"https:\/\/lezabogados.com.co\/index.php?rest_route=%2Fwp%2Fv2%2Fcomments&post=1376"}],"version-history":[{"count":32,"href":"https:\/\/lezabogados.com.co\/index.php?rest_route=\/wp\/v2\/pages\/1376\/revisions"}],"predecessor-version":[{"id":2457,"href":"https:\/\/lezabogados.com.co\/index.php?rest_route=\/wp\/v2\/pages\/1376\/revisions\/2457"}],"wp:attachment":[{"href":"https:\/\/lezabogados.com.co\/index.php?rest_route=%2Fwp%2Fv2%2Fmedia&parent=1376"}],"curies":[{"name":"wp","href":"https:\/\/api.w.org\/{rel}","templated":true}]}}